{"id":11558,"date":"2022-11-17T10:37:15","date_gmt":"2022-11-17T10:37:15","guid":{"rendered":"http:\/\/scannn.com\/?page_id=11558"},"modified":"2022-11-17T11:06:21","modified_gmt":"2022-11-17T11:06:21","slug":"flowchart","status":"publish","type":"page","link":"https:\/\/scannn.com\/lv\/flowchart\/","title":{"rendered":"Flowchart"},"content":{"rendered":"\t\t<div data-elementor-type=\"wp-page\" data-elementor-id=\"11558\" class=\"elementor elementor-11558\" data-elementor-settings=\"{&quot;ha_cmc_init_switcher&quot;:&quot;no&quot;}\" data-elementor-post-type=\"page\">\n\t\t\t\t\t\t<section class=\"elementor-section elementor-top-section elementor-element elementor-element-7606ab39 elementor-section-content-middle elementor-section-stretched elementor-section-boxed elementor-section-height-default elementor-section-height-default\" data-id=\"7606ab39\" data-element_type=\"section\" data-e-type=\"section\" data-settings=\"{&quot;stretch_section&quot;:&quot;section-stretched&quot;}\">\n\t\t\t\t\t\t<div class=\"elementor-container elementor-column-gap-no\">\n\t\t\t\t\t<div class=\"elementor-column elementor-col-50 elementor-top-column elementor-element elementor-element-658a924f\" data-id=\"658a924f\" data-element_type=\"column\" data-e-type=\"column\">\n\t\t\t<div class=\"elementor-widget-wrap elementor-element-populated\">\n\t\t\t\t\t\t<div class=\"elementor-element elementor-element-42e3f2be elementor-widget-divider--view-line elementor-widget elementor-widget-divider\" data-id=\"42e3f2be\" data-element_type=\"widget\" data-e-type=\"widget\" data-widget_type=\"divider.default\">\n\t\t\t\t\t\t\t<div class=\"elementor-divider\">\n\t\t\t<span class=\"elementor-divider-separator\">\n\t\t\t\t\t\t<\/span>\n\t\t<\/div>\n\t\t\t\t\t\t<\/div>\n\t\t\t\t<div class=\"elementor-element elementor-element-3fd1eded elementor-widget elementor-widget-heading\" data-id=\"3fd1eded\" data-element_type=\"widget\" data-e-type=\"widget\" data-widget_type=\"heading.default\">\n\t\t\t\t\t<h4 class=\"elementor-heading-title elementor-size-default\">NOSLODZE<\/h4>\t\t\t\t<\/div>\n\t\t\t\t\t<\/div>\n\t\t<\/div>\n\t\t\t\t<div class=\"elementor-column elementor-col-50 elementor-top-column elementor-element elementor-element-925116b\" data-id=\"925116b\" data-element_type=\"column\" data-e-type=\"column\">\n\t\t\t<div class=\"elementor-widget-wrap elementor-element-populated\">\n\t\t\t\t\t\t<div class=\"elementor-element elementor-element-54184c02 elementor-widget elementor-widget-text-editor\" data-id=\"54184c02\" data-element_type=\"widget\" data-e-type=\"widget\" data-widget_type=\"text-editor.default\">\n\t\t\t\t\t\t\t\t\t<p>Zem\u0101k att\u0113loti projekti, kas jau ir akt\u012bvi, k\u0101 a\u0157\u012b projekti, kas v\u0113l it tikai izstr\u0101des \/ ideju l\u012bmen\u012b.\u00a0<\/p>\t\t\t\t\t\t\t\t<\/div>\n\t\t\t\t<div class=\"elementor-element elementor-element-402ca9e3 elementor-widget elementor-widget-text-editor\" data-id=\"402ca9e3\" data-element_type=\"widget\" data-e-type=\"widget\" data-widget_type=\"text-editor.default\">\n\t\t\t\t\t\t\t\t\t<div>\n<p>Laika pl\u0101nojum\u0101 nav att\u0113loti paral\u0113lie projekti (ne Kri\u0161j\u0101\u0146a) &#8211; t\u0101d\u0113\u013c var da\u017ek\u0101rt izskat\u012bties, ka noslodze \u013cauj realiz\u0113t v\u0113l k\u0101das aktivit\u0101tes&nbsp; *t\u0101 nav!..<\/p>\n<\/div>\n<div>Projektu realiz\u0101cijas laika pl\u0101nojuma apskatei ieteicams izmantot Desktop p\u0101rl\u016bku.<\/div>\t\t\t\t\t\t\t\t<\/div>\n\t\t\t\t\t<\/div>\n\t\t<\/div>\n\t\t\t\t\t<\/div>\n\t\t<\/section>\n\t\t\t\t<section class=\"elementor-section elementor-top-section elementor-element elementor-element-54a190e2 elementor-section-content-middle elementor-section-full_width elementor-section-stretched elementor-section-height-default elementor-section-height-default\" data-id=\"54a190e2\" data-element_type=\"section\" data-e-type=\"section\" data-settings=\"{&quot;stretch_section&quot;:&quot;section-stretched&quot;}\">\n\t\t\t\t\t\t<div class=\"elementor-container elementor-column-gap-no\">\n\t\t\t\t\t<div class=\"elementor-column elementor-col-100 elementor-top-column elementor-element elementor-element-1c48ac13\" data-id=\"1c48ac13\" data-element_type=\"column\" data-e-type=\"column\">\n\t\t\t<div class=\"elementor-widget-wrap elementor-element-populated\">\n\t\t\t\t\t\t<div class=\"elementor-element elementor-element-12a18eab elementor-widget elementor-widget-heading\" data-id=\"12a18eab\" data-element_type=\"widget\" data-e-type=\"widget\" data-widget_type=\"heading.default\">\n\t\t\t\t\t<h4 class=\"elementor-heading-title elementor-size-default\">Akt\u012bvo &amp; Pas\u012bvo (Kri\u0161j\u0101\u0146a) projektu realiz\u0101cijas laika pl\u0101ns<\/h4>\t\t\t\t<\/div>\n\t\t\t\t<div class=\"elementor-element elementor-element-511a313 elementor-widget__width-inherit elementor-widget elementor-widget-shortcode\" data-id=\"511a313\" data-element_type=\"widget\" data-e-type=\"widget\" data-widget_type=\"shortcode.default\">\n\t\t\t\t\t\t\t<div class=\"elementor-shortcode\"><iframe class=\"clickup-embed\" src=\"https:\/\/sharing.clickup.com\/24455379\/g\/h\/4-67265912-7\/5e6852607bf9401\" onwheel=\"\" width=\"100%\" height=\"1300px\" style=\"background: transparent; border: 1px solid #ccc;\"><\/iframe><\/div>\n\t\t\t\t\t\t<\/div>\n\t\t\t\t\t<\/div>\n\t\t<\/div>\n\t\t\t\t\t<\/div>\n\t\t<\/section>\n\t\t\t\t<\/div>\n\t\t","protected":false},"excerpt":{"rendered":"<p>NOSLODZE Zem\u0101k att\u0113loti projekti, kas jau ir akt\u012bvi, k\u0101 a\u0157\u012b projekti, kas v\u0113l it tikai izstr\u0101des \/ ideju l\u012bmen\u012b.\u00a0 Laika pl\u0101nojum\u0101 nav att\u0113loti paral\u0113lie projekti (ne Kri\u0161j\u0101\u0146a) &#8211; t\u0101d\u0113\u013c var da\u017ek\u0101rt izskat\u012bties, ka noslodze \u013cauj realiz\u0113t v\u0113l k\u0101das aktivit\u0101tes&nbsp; *t\u0101 nav!.. Projektu realiz\u0101cijas laika pl\u0101nojuma apskatei ieteicams izmantot Desktop p\u0101rl\u016bku. Akt\u012bvo &amp; Pas\u012bvo (Kri\u0161j\u0101\u0146a) projektu [&hellip;]<\/p>\n","protected":false},"author":16,"featured_media":0,"parent":0,"menu_order":0,"comment_status":"closed","ping_status":"closed","template":"elementor_header_footer","meta":{"footnotes":""},"class_list":["post-11558","page","type-page","status-publish","hentry"],"_links":{"self":[{"href":"https:\/\/scannn.com\/lv\/wp-json\/wp\/v2\/pages\/11558","targetHints":{"allow":["GET"]}}],"collection":[{"href":"https:\/\/scannn.com\/lv\/wp-json\/wp\/v2\/pages"}],"about":[{"href":"https:\/\/scannn.com\/lv\/wp-json\/wp\/v2\/types\/page"}],"author":[{"embeddable":true,"href":"https:\/\/scannn.com\/lv\/wp-json\/wp\/v2\/users\/16"}],"replies":[{"embeddable":true,"href":"https:\/\/scannn.com\/lv\/wp-json\/wp\/v2\/comments?post=11558"}],"version-history":[{"count":0,"href":"https:\/\/scannn.com\/lv\/wp-json\/wp\/v2\/pages\/11558\/revisions"}],"wp:attachment":[{"href":"https:\/\/scannn.com\/lv\/wp-json\/wp\/v2\/media?parent=11558"}],"curies":[{"name":"wp","href":"https:\/\/api.w.org\/{rel}","templated":true}]}}